{"id":23,"date":"2025-05-31T11:45:19","date_gmt":"2025-05-31T11:45:19","guid":{"rendered":"http:\/\/detailing666.pl\/?page_id=23"},"modified":"2025-08-12T16:52:11","modified_gmt":"2025-08-12T16:52:11","slug":"portfolio","status":"publish","type":"page","link":"https:\/\/detailing666.pl\/index.php\/portfolio\/","title":{"rendered":"Portfolio"},"content":{"rendered":"\n<hr class=\"wp-block-separator has-alpha-channel-opacity\"\/>\n\n\n\n<h3 class=\"wp-block-heading\">Zobacz efekty naszej pracy<\/h3>\n\n\n\n<p>Ka\u017cdy samoch\u00f3d, kt\u00f3ry trafia do studia <strong>Detailing 666<\/strong>, traktujemy jak wizyt\u00f3wk\u0119 naszej firmy. Dzi\u0119ki pasji, do\u015bwiadczeniu i dba\u0142o\u015bci o ka\u017cdy detal, jeste\u015bmy w stanie przywr\u00f3ci\u0107 blask nawet mocno zaniedbanym pojazdom \u2014 a nowe samochody zabezpieczy\u0107 na lata.<\/p>\n\n\n\n<p>W naszym portfolio znajdziesz:<\/p>\n\n\n\n<ul class=\"wp-block-list\">\n<li><strong>Aplikacje folii PPF<\/strong> na wybrane elementy i ca\u0142e nadwozia<\/li>\n\n\n\n<li><strong>Wieloetapowe korekty lakieru<\/strong> z efektem lustra<\/li>\n\n\n\n<li><strong>Auta po aplikacji pow\u0142ok ceramicznych<\/strong><\/li>\n\n\n\n<li><strong>Przed i po kompleksowym czyszczeniu wn\u0119trz<\/strong><\/li>\n\n\n\n<li><strong>Samochody przygotowane do sprzeda\u017cy<\/strong><\/li>\n\n\n\n<li>I<strong> wiele innych realizacji, kt\u00f3re pokazuj\u0105 nasze podej\u015bcie i jako\u015b\u0107<\/strong><\/li>\n<\/ul>\n\n\n\n<p>Zobacz zdj\u0119cia <strong>przed i po<\/strong>, por\u00f3wnania, detale z bliska i pe\u0142ne kadry. To najlepszy dow\u00f3d na to, \u017ce <strong>detailingu nie da si\u0119 opisa\u0107 \u2014 trzeba go zobaczy\u0107<\/strong>.<\/p>\n\n\n\n<hr class=\"wp-block-separator has-alpha-channel-opacity\"\/>\n\n\n<div  class=\"ultp-post-grid-block wp-block-ultimate-post-post-grid-2 ultp-block-686fa3\"><div class=\"ultp-block-wrapper\"><div class=\"ultp-loading\"><div class=\"ultp-loading-blocks\" style=\"width:100%;height:100%;\"><div style=\"left: 0;top: 0;animation-delay:0s;\"><\/div><div style=\"left: 21px;top: 0;animation-delay:0.125s;\"><\/div><div style=\"left: 42px;top: 0;animation-delay:0.25s;\"><\/div><div style=\"left: 0;top: 21px;animation-delay:0.875s;\"><\/div><div style=\"left: 42px;top: 21px;animation-delay:0.375s;\"><\/div><div style=\"left: 0;top: 42px;animation-delay:0.75s;\"><\/div><div style=\"left: 42px;top: 42px;animation-delay:0.625s;\"><\/div><div style=\"left: 21px;top: 42px;animation-delay:0.5s;\"><\/div><\/div><\/div><div class=\"ultp-block-items-wrap ultp-block-row\"><div class=\"ultp-block-item post-id-107\"><div class=\"ultp-block-content-wrap ultp-block-content-overlay\"><div class=\"ultp-block-image ultp-block-image-zoomOut ultp-block-image-overlay ultp-block-image-flat\"><a href=\"https:\/\/detailing666.pl\/index.php\/2025\/08\/12\/jeep-wrangler\/\" ><img decoding=\"async\"  src=\"https:\/\/detailing666.pl\/wp-content\/plugins\/ultimate-post\/assets\/img\/ultp-fallback-img.png\" alt=\"dummy-img\" \/><\/a><\/div><div class=\"ultp-block-content ultp-block-content-bottomPosition\"><div class=\"ultp-block-content-inner\"><div class=\"ultp-category-grid ultp-category-classic ultp-category-aboveTitle\"><div class=\"ultp-category-in\"><a class=\"ultp-cat-portfolio\" href=\"https:\/\/detailing666.pl\/index.php\/category\/portfolio\/\"  >Portfolio<\/a><\/div><\/div><h3 class=\"ultp-block-title \"><a href=\"https:\/\/detailing666.pl\/index.php\/2025\/08\/12\/jeep-wrangler\/\" >Jeep Wrangler<\/a><\/h3><div class=\"ultp-block-meta ultp-block-meta-dot ultp-block-meta-icon\"><span class=\"ultp-block-author ultp-block-meta-element\"><svg xmlns=\"http:\/\/www.w3.org\/2000\/svg\" viewBox=\"0 0 18 20\"><path d=\"M18,19 C18,19.5522847 17.5522847,20 17,20 C16.4477153,20 16,19.5522847 16,19 L16,17 C16,15.3431458 14.6568542,14 13,14 L5,14 C3.34314575,14 2,15.3431458 2,17 L2,19 C2,19.5522847 1.55228475,20 1,20 C0.44771525,20 0,19.5522847 0,19 L0,17 C0,14.2385763 2.23857625,12 5,12 L13,12 C15.7614237,12 18,14.2385763 18,17 L18,19 Z M9,10 C6.23857625,10 4,7.76142375 4,5 C4,2.23857625 6.23857625,0 9,0 C11.7614237,0 14,2.23857625 14,5 C14,7.76142375 11.7614237,10 9,10 Z M9,8 C10.6568542,8 12,6.65685425 12,5 C12,3.34314575 10.6568542,2 9,2 C7.34314575,2 6,3.34314575 6,5 C6,6.65685425 7.34314575,8 9,8 Z\"\/><\/svg><a class=\"\" href=\"https:\/\/detailing666.pl\/index.php\/author\/admin9105\/\">admin9105<\/a><\/span><span class=\"ultp-block-date ultp-block-meta-element\"><svg xmlns=\"http:\/\/www.w3.org\/2000\/svg\" viewBox=\"0 0 18 19\"><path d=\"M4.60069444,4.09375 L3.25,4.09375 C2.47334957,4.09375 1.84375,4.72334957 1.84375,5.5 L1.84375,7.26736111 L16.15625,7.26736111 L16.15625,5.5 C16.15625,4.72334957 15.5266504,4.09375 14.75,4.09375 L13.3993056,4.09375 L13.3993056,4.55555556 C13.3993056,5.02154581 13.0215458,5.39930556 12.5555556,5.39930556 C12.0895653,5.39930556 11.7118056,5.02154581 11.7118056,4.55555556 L11.7118056,4.09375 L6.28819444,4.09375 L6.28819444,4.55555556 C6.28819444,5.02154581 5.9104347,5.39930556 5.44444444,5.39930556 C4.97845419,5.39930556 4.60069444,5.02154581 4.60069444,4.55555556 L4.60069444,4.09375 Z M6.28819444,2.40625 L11.7118056,2.40625 L11.7118056,1 C11.7118056,0.534009742 12.0895653,0.15625 12.5555556,0.15625 C13.0215458,0.15625 13.3993056,0.534009742 13.3993056,1 L13.3993056,2.40625 L14.75,2.40625 C16.4586309,2.40625 17.84375,3.79136906 17.84375,5.5 L17.84375,15.875 C17.84375,17.5836309 16.4586309,18.96875 14.75,18.96875 L3.25,18.96875 C1.54136906,18.96875 0.15625,17.5836309 0.15625,15.875 L0.15625,5.5 C0.15625,3.79136906 1.54136906,2.40625 3.25,2.40625 L4.60069444,2.40625 L4.60069444,1 C4.60069444,0.534009742 4.97845419,0.15625 5.44444444,0.15625 C5.9104347,0.15625 6.28819444,0.534009742 6.28819444,1 L6.28819444,2.40625 Z M1.84375,8.95486111 L1.84375,15.875 C1.84375,16.6516504 2.47334957,17.28125 3.25,17.28125 L14.75,17.28125 C15.5266504,17.28125 16.15625,16.6516504 16.15625,15.875 L16.15625,8.95486111 L1.84375,8.95486111 Z\"\/><\/svg>Aug 12, 2025<\/span><\/div><\/div><\/div><\/div><\/div><div class=\"ultp-block-item post-id-93\"><div class=\"ultp-block-content-wrap ultp-block-content-overlay\"><div class=\"ultp-block-image ultp-block-image-zoomOut ultp-block-image-overlay ultp-block-image-flat\"><a href=\"https:\/\/detailing666.pl\/index.php\/2025\/08\/12\/porsche-cayenne\/\" ><img decoding=\"async\"  src=\"https:\/\/detailing666.pl\/wp-content\/plugins\/ultimate-post\/assets\/img\/ultp-fallback-img.png\" alt=\"dummy-img\" \/><\/a><\/div><div class=\"ultp-block-content ultp-block-content-bottomPosition\"><div class=\"ultp-block-content-inner\"><div class=\"ultp-category-grid ultp-category-classic ultp-category-aboveTitle\"><div class=\"ultp-category-in\"><a class=\"ultp-cat-portfolio\" href=\"https:\/\/detailing666.pl\/index.php\/category\/portfolio\/\"  >Portfolio<\/a><\/div><\/div><h3 class=\"ultp-block-title \"><a href=\"https:\/\/detailing666.pl\/index.php\/2025\/08\/12\/porsche-cayenne\/\" >Porsche Cayenne<\/a><\/h3><div class=\"ultp-block-meta ultp-block-meta-dot ultp-block-meta-icon\"><span class=\"ultp-block-author ultp-block-meta-element\"><svg xmlns=\"http:\/\/www.w3.org\/2000\/svg\" viewBox=\"0 0 18 20\"><path d=\"M18,19 C18,19.5522847 17.5522847,20 17,20 C16.4477153,20 16,19.5522847 16,19 L16,17 C16,15.3431458 14.6568542,14 13,14 L5,14 C3.34314575,14 2,15.3431458 2,17 L2,19 C2,19.5522847 1.55228475,20 1,20 C0.44771525,20 0,19.5522847 0,19 L0,17 C0,14.2385763 2.23857625,12 5,12 L13,12 C15.7614237,12 18,14.2385763 18,17 L18,19 Z M9,10 C6.23857625,10 4,7.76142375 4,5 C4,2.23857625 6.23857625,0 9,0 C11.7614237,0 14,2.23857625 14,5 C14,7.76142375 11.7614237,10 9,10 Z M9,8 C10.6568542,8 12,6.65685425 12,5 C12,3.34314575 10.6568542,2 9,2 C7.34314575,2 6,3.34314575 6,5 C6,6.65685425 7.34314575,8 9,8 Z\"\/><\/svg><a class=\"\" href=\"https:\/\/detailing666.pl\/index.php\/author\/admin9105\/\">admin9105<\/a><\/span><span class=\"ultp-block-date ultp-block-meta-element\"><svg xmlns=\"http:\/\/www.w3.org\/2000\/svg\" viewBox=\"0 0 18 19\"><path d=\"M4.60069444,4.09375 L3.25,4.09375 C2.47334957,4.09375 1.84375,4.72334957 1.84375,5.5 L1.84375,7.26736111 L16.15625,7.26736111 L16.15625,5.5 C16.15625,4.72334957 15.5266504,4.09375 14.75,4.09375 L13.3993056,4.09375 L13.3993056,4.55555556 C13.3993056,5.02154581 13.0215458,5.39930556 12.5555556,5.39930556 C12.0895653,5.39930556 11.7118056,5.02154581 11.7118056,4.55555556 L11.7118056,4.09375 L6.28819444,4.09375 L6.28819444,4.55555556 C6.28819444,5.02154581 5.9104347,5.39930556 5.44444444,5.39930556 C4.97845419,5.39930556 4.60069444,5.02154581 4.60069444,4.55555556 L4.60069444,4.09375 Z M6.28819444,2.40625 L11.7118056,2.40625 L11.7118056,1 C11.7118056,0.534009742 12.0895653,0.15625 12.5555556,0.15625 C13.0215458,0.15625 13.3993056,0.534009742 13.3993056,1 L13.3993056,2.40625 L14.75,2.40625 C16.4586309,2.40625 17.84375,3.79136906 17.84375,5.5 L17.84375,15.875 C17.84375,17.5836309 16.4586309,18.96875 14.75,18.96875 L3.25,18.96875 C1.54136906,18.96875 0.15625,17.5836309 0.15625,15.875 L0.15625,5.5 C0.15625,3.79136906 1.54136906,2.40625 3.25,2.40625 L4.60069444,2.40625 L4.60069444,1 C4.60069444,0.534009742 4.97845419,0.15625 5.44444444,0.15625 C5.9104347,0.15625 6.28819444,0.534009742 6.28819444,1 L6.28819444,2.40625 Z M1.84375,8.95486111 L1.84375,15.875 C1.84375,16.6516504 2.47334957,17.28125 3.25,17.28125 L14.75,17.28125 C15.5266504,17.28125 16.15625,16.6516504 16.15625,15.875 L16.15625,8.95486111 L1.84375,8.95486111 Z\"\/><\/svg>Aug 12, 2025<\/span><\/div><\/div><\/div><\/div><\/div><\/div><\/div><div class=\"pagination-block-html\" aria-hidden=\"true\" style=\"display: none;\"><\/div><\/div>\n\n\n<hr class=\"wp-block-separator has-alpha-channel-opacity\"\/>\n\n\n\n<h3 class=\"wp-block-heading\">Chcesz, \u017ceby Twoje auto wygl\u0105da\u0142o jak te w galerii?<\/h3>\n\n\n\n<p>Skontaktuj si\u0119 z nami i um\u00f3w si\u0119 na profesjonaln\u0105 us\u0142ug\u0119. Tw\u00f3j samoch\u00f3d mo\u017ce by\u0107 nasz\u0105 kolejn\u0105 realizacj\u0105.<\/p>\n\n\n\n<hr class=\"wp-block-separator has-alpha-channel-opacity\"\/>\n","protected":false},"excerpt":{"rendered":"<p>Zobacz efekty naszej pracy Ka\u017cdy samoch\u00f3d, kt\u00f3ry trafia do studia Detailing 666, traktujemy jak wizyt\u00f3wk\u0119 naszej firmy. Dzi\u0119ki pasji, do\u015bwiadczeniu i dba\u0142o\u015bci o ka\u017cdy detal, jeste\u015bmy w stanie przywr\u00f3ci\u0107 blask nawet mocno zaniedbanym pojazdom \u2014 a nowe samochody zabezpieczy\u0107 na lata. W naszym portfolio znajdziesz: Zobacz zdj\u0119cia przed i po, por\u00f3wnania, detale z bliska i &#8230; <a title=\"Portfolio\" class=\"read-more\" href=\"https:\/\/detailing666.pl\/index.php\/portfolio\/\" aria-label=\"Read more about Portfolio\">Read more<\/a><\/p>\n","protected":false},"author":1,"featured_media":0,"parent":0,"menu_order":0,"comment_status":"closed","ping_status":"closed","template":"","meta":{"_uag_custom_page_level_css":"","footnotes":""},"class_list":["post-23","page","type-page","status-publish"],"uagb_featured_image_src":{"full":false,"thumbnail":false,"medium":false,"medium_large":false,"large":false,"1536x1536":false,"2048x2048":false,"ultp_layout_landscape_large":false,"ultp_layout_landscape":false,"ultp_layout_portrait":false,"ultp_layout_square":false},"uagb_author_info":{"display_name":"admin9105","author_link":"https:\/\/detailing666.pl\/index.php\/author\/admin9105\/"},"uagb_comment_info":0,"uagb_excerpt":"Zobacz efekty naszej pracy Ka\u017cdy samoch\u00f3d, kt\u00f3ry trafia do studia Detailing 666, traktujemy jak wizyt\u00f3wk\u0119 naszej firmy. Dzi\u0119ki pasji, do\u015bwiadczeniu i dba\u0142o\u015bci o ka\u017cdy detal, jeste\u015bmy w stanie przywr\u00f3ci\u0107 blask nawet mocno zaniedbanym pojazdom \u2014 a nowe samochody zabezpieczy\u0107 na lata. W naszym portfolio znajdziesz: Zobacz zdj\u0119cia przed i po, por\u00f3wnania, detale z bliska i&hellip;","_links":{"self":[{"href":"https:\/\/detailing666.pl\/index.php\/wp-json\/wp\/v2\/pages\/23","targetHints":{"allow":["GET"]}}],"collection":[{"href":"https:\/\/detailing666.pl\/index.php\/wp-json\/wp\/v2\/pages"}],"about":[{"href":"https:\/\/detailing666.pl\/index.php\/wp-json\/wp\/v2\/types\/page"}],"author":[{"embeddable":true,"href":"https:\/\/detailing666.pl\/index.php\/wp-json\/wp\/v2\/users\/1"}],"replies":[{"embeddable":true,"href":"https:\/\/detailing666.pl\/index.php\/wp-json\/wp\/v2\/comments?post=23"}],"version-history":[{"count":6,"href":"https:\/\/detailing666.pl\/index.php\/wp-json\/wp\/v2\/pages\/23\/revisions"}],"predecessor-version":[{"id":116,"href":"https:\/\/detailing666.pl\/index.php\/wp-json\/wp\/v2\/pages\/23\/revisions\/116"}],"wp:attachment":[{"href":"https:\/\/detailing666.pl\/index.php\/wp-json\/wp\/v2\/media?parent=23"}],"curies":[{"name":"wp","href":"https:\/\/api.w.org\/{rel}","templated":true}]}}