{"id":21,"date":"2025-05-31T11:45:00","date_gmt":"2025-05-31T11:45:00","guid":{"rendered":"http:\/\/detailing666.pl\/?page_id=21"},"modified":"2025-08-12T16:14:39","modified_gmt":"2025-08-12T16:14:39","slug":"kontakt","status":"publish","type":"page","link":"https:\/\/detailing666.pl\/index.php\/kontakt\/","title":{"rendered":"Kontakt"},"content":{"rendered":"\n<hr class=\"wp-block-separator has-alpha-channel-opacity\"\/>\n\n\n\n<p>Masz pytania? Chcesz um\u00f3wi\u0107 si\u0119 na us\u0142ug\u0119 lub skonsultowa\u0107 stan swojego auta? Skontaktuj si\u0119 z nami \u2014 ch\u0119tnie doradzimy i przygotujemy indywidualn\u0105 ofert\u0119.<\/p>\n\n\n\n<h3 class=\"wp-block-heading\">\ud83d\udccd Adres studia<\/h3>\n\n\n\n<p><strong>Detailing 666<\/strong><br>ul. Hozjusza 1a<br>10-718 Olsztyn, Polska<\/p>\n\n\n\n<h3 class=\"wp-block-heading\">\u260e\ufe0f Telefon<\/h3>\n\n\n\n<p>\ud83d\udcde <strong>666 500 948<\/strong><\/p>\n\n\n\n<h3 class=\"wp-block-heading\">\ud83d\udce7 E-mail<\/h3>\n\n\n\n<p>\u2709\ufe0f <strong><a>detailing666@gmail.com<\/a><\/strong><\/p>\n\n\n\n<hr class=\"wp-block-separator has-alpha-channel-opacity\"\/>\n\n\n\n<h3 class=\"wp-block-heading\">\ud83d\udd52 Godziny otwarcia<\/h3>\n\n\n\n<p>Poniedzia\u0142ek \u2013 Pi\u0105tek: 9:00 \u2013 18:00<br>Sobota: nieczynne<br>Niedziela: nieczynne<\/p>\n\n\n\n<hr class=\"wp-block-separator has-alpha-channel-opacity\"\/>\n\n\n\n<h3 class=\"wp-block-heading\">\ud83d\udcf2 Napisz do nas teraz!<\/h3>\n\n\n\n<p>Mo\u017cesz skontaktowa\u0107 si\u0119 przez telefon, e-mail lub formularz kontaktowy. Odpowiemy najszybciej, jak to mo\u017cliwe.<\/p>\n\n\n\n<hr class=\"wp-block-separator has-alpha-channel-opacity\"\/>\n\n\n<style id=\"wpforms-css-vars-84-block-01cce164-f527-4c9e-b828-93417f726682\">\n\t\t\t\t#wpforms-84.wpforms-block-01cce164-f527-4c9e-b828-93417f726682 {\n\t\t\t\t--wpforms-field-size-input-height: 43px;\n--wpforms-field-size-input-spacing: 15px;\n--wpforms-field-size-font-size: 16px;\n--wpforms-field-size-line-height: 19px;\n--wpforms-field-size-padding-h: 14px;\n--wpforms-field-size-checkbox-size: 16px;\n--wpforms-field-size-sublabel-spacing: 5px;\n--wpforms-field-size-icon-size: 1;\n--wpforms-label-size-font-size: 16px;\n--wpforms-label-size-line-height: 19px;\n--wpforms-label-size-sublabel-font-size: 14px;\n--wpforms-label-size-sublabel-line-height: 17px;\n--wpforms-button-size-font-size: 17px;\n--wpforms-button-size-height: 41px;\n--wpforms-button-size-padding-h: 15px;\n--wpforms-button-size-margin-top: 10px;\n\n\t\t\t}\n\t\t\t<\/style><div class=\"wpforms-container wpforms-container-full wpforms-block wpforms-block-01cce164-f527-4c9e-b828-93417f726682 wpforms-render-modern\" id=\"wpforms-84\"><form id=\"wpforms-form-84\" class=\"wpforms-validate wpforms-form wpforms-ajax-form\" data-formid=\"84\" method=\"post\" enctype=\"multipart\/form-data\" action=\"\/index.php\/wp-json\/wp\/v2\/pages\/21\" data-token=\"a520bc512ddcd82986d81d1fbd91351d\" data-token-time=\"1776407712\"><noscript class=\"wpforms-error-noscript\">Please enable JavaScript in your browser to complete this form.<\/noscript><div id=\"wpforms-error-noscript\" style=\"display: none;\">Please enable JavaScript in your browser to complete this form.<\/div><div class=\"wpforms-field-container\"><div id=\"wpforms-84-field_5-container\" class=\"wpforms-field wpforms-field-text\" data-field-id=\"5\"><label class=\"wpforms-field-label\" for=\"wpforms-84-field_5\">Imi\u0119<\/label><input type=\"text\" id=\"wpforms-84-field_5\" class=\"wpforms-field-medium\" name=\"wpforms[fields][5]\" aria-errormessage=\"wpforms-84-field_5-error\" ><\/div><div id=\"wpforms-84-field_4-container\" class=\"wpforms-field wpforms-field-text\" data-field-id=\"4\"><label class=\"wpforms-field-label\" for=\"wpforms-84-field_4\">Numer telefonu lub email <span class=\"wpforms-required-label\" aria-hidden=\"true\">*<\/span><\/label><input type=\"text\" id=\"wpforms-84-field_4\" class=\"wpforms-field-medium wpforms-field-required\" name=\"wpforms[fields][4]\" aria-errormessage=\"wpforms-84-field_4-error\" required><\/div>\t\t<div id=\"wpforms-84-field_1-container\"\n\t\t\tclass=\"wpforms-field wpforms-field-text\"\n\t\t\tdata-field-type=\"text\"\n\t\t\tdata-field-id=\"1\"\n\t\t\t>\n\t\t\t<label class=\"wpforms-field-label\" for=\"wpforms-84-field_1\" >Numer wiadomo\u015b\u0107 lub<\/label>\n\t\t\t<input type=\"text\" id=\"wpforms-84-field_1\" class=\"wpforms-field-medium\" name=\"wpforms[fields][1]\" >\n\t\t<\/div>\n\t\t<div id=\"wpforms-84-field_3-container\" class=\"wpforms-field wpforms-field-textarea\" data-field-id=\"3\"><label class=\"wpforms-field-label\" for=\"wpforms-84-field_3\">Komentarz lub wiadomo\u015b\u0107<\/label><textarea id=\"wpforms-84-field_3\" class=\"wpforms-field-medium\" name=\"wpforms[fields][3]\" aria-errormessage=\"wpforms-84-field_3-error\" ><\/textarea><\/div><script>\n\t\t\t\t( function() {\n\t\t\t\t\tconst style = document.createElement( 'style' );\n\t\t\t\t\tstyle.appendChild( document.createTextNode( '#wpforms-84-field_1-container { position: absolute !important; overflow: hidden !important; display: inline !important; height: 1px !important; width: 1px !important; z-index: -1000 !important; padding: 0 !important; } #wpforms-84-field_1-container input { visibility: hidden; } #wpforms-conversational-form-page #wpforms-84-field_1-container label { counter-increment: none; }' ) );\n\t\t\t\t\tdocument.head.appendChild( style );\n\t\t\t\t\tdocument.currentScript?.remove();\n\t\t\t\t} )();\n\t\t\t<\/script><\/div><!-- .wpforms-field-container --><div class=\"wpforms-submit-container\" ><input type=\"hidden\" name=\"wpforms[id]\" value=\"84\"><input type=\"hidden\" name=\"page_title\" value=\"\"><input type=\"hidden\" name=\"page_url\" value=\"https:\/\/detailing666.pl\/index.php\/wp-json\/wp\/v2\/pages\/21\"><input type=\"hidden\" name=\"url_referer\" value=\"\"><button type=\"submit\" name=\"wpforms[submit]\" id=\"wpforms-submit-84\" class=\"wpforms-submit\" data-alt-text=\"Wysy\u0142anie...\" data-submit-text=\"Prze\u015blij\" aria-live=\"assertive\" value=\"wpforms-submit\">Prze\u015blij<\/button><img loading=\"lazy\" decoding=\"async\" src=\"https:\/\/detailing666.pl\/wp-content\/plugins\/wpforms-lite\/assets\/images\/submit-spin.svg\" class=\"wpforms-submit-spinner\" style=\"display: none;\" width=\"26\" height=\"26\" alt=\"Loading\"><\/div><\/form><\/div>  <!-- .wpforms-container -->\n\n\n<hr class=\"wp-block-separator has-alpha-channel-opacity\"\/>\n\n\n\n<iframe src=\"https:\/\/www.google.com\/maps?q=Hozjusza+1a,+Olsztyn,+Poland&#038;output=embed\" width=\"100%\" height=\"350\" style=\"border:0;\" allowfullscreen=\"\" loading=\"lazy\"><\/iframe>\n\n\n\n<p><\/p>\n","protected":false},"excerpt":{"rendered":"<p>Masz pytania? Chcesz um\u00f3wi\u0107 si\u0119 na us\u0142ug\u0119 lub skonsultowa\u0107 stan swojego auta? Skontaktuj si\u0119 z nami \u2014 ch\u0119tnie doradzimy i przygotujemy indywidualn\u0105 ofert\u0119. \ud83d\udccd Adres studia Detailing 666ul. Hozjusza 1a10-718 Olsztyn, Polska \u260e\ufe0f Telefon \ud83d\udcde 666 500 948 \ud83d\udce7 E-mail \u2709\ufe0f detailing666@gmail.com \ud83d\udd52 Godziny otwarcia Poniedzia\u0142ek \u2013 Pi\u0105tek: 9:00 \u2013 18:00Sobota: nieczynneNiedziela: nieczynne \ud83d\udcf2 Napisz &#8230; <a title=\"Kontakt\" class=\"read-more\" href=\"https:\/\/detailing666.pl\/index.php\/kontakt\/\" aria-label=\"Read more about Kontakt\">Read more<\/a><\/p>\n","protected":false},"author":1,"featured_media":0,"parent":0,"menu_order":0,"comment_status":"closed","ping_status":"closed","template":"","meta":{"_uag_custom_page_level_css":"","footnotes":""},"class_list":["post-21","page","type-page","status-publish"],"uagb_featured_image_src":{"full":false,"thumbnail":false,"medium":false,"medium_large":false,"large":false,"1536x1536":false,"2048x2048":false,"ultp_layout_landscape_large":false,"ultp_layout_landscape":false,"ultp_layout_portrait":false,"ultp_layout_square":false},"uagb_author_info":{"display_name":"admin9105","author_link":"https:\/\/detailing666.pl\/index.php\/author\/admin9105\/"},"uagb_comment_info":0,"uagb_excerpt":"Masz pytania? Chcesz um\u00f3wi\u0107 si\u0119 na us\u0142ug\u0119 lub skonsultowa\u0107 stan swojego auta? Skontaktuj si\u0119 z nami \u2014 ch\u0119tnie doradzimy i przygotujemy indywidualn\u0105 ofert\u0119. \ud83d\udccd Adres studia Detailing 666ul. Hozjusza 1a10-718 Olsztyn, Polska \u260e\ufe0f Telefon \ud83d\udcde 666 500 948 \ud83d\udce7 E-mail \u2709\ufe0f detailing666@gmail.com \ud83d\udd52 Godziny otwarcia Poniedzia\u0142ek \u2013 Pi\u0105tek: 9:00 \u2013 18:00Sobota: nieczynneNiedziela: nieczynne \ud83d\udcf2 Napisz&hellip;","_links":{"self":[{"href":"https:\/\/detailing666.pl\/index.php\/wp-json\/wp\/v2\/pages\/21","targetHints":{"allow":["GET"]}}],"collection":[{"href":"https:\/\/detailing666.pl\/index.php\/wp-json\/wp\/v2\/pages"}],"about":[{"href":"https:\/\/detailing666.pl\/index.php\/wp-json\/wp\/v2\/types\/page"}],"author":[{"embeddable":true,"href":"https:\/\/detailing666.pl\/index.php\/wp-json\/wp\/v2\/users\/1"}],"replies":[{"embeddable":true,"href":"https:\/\/detailing666.pl\/index.php\/wp-json\/wp\/v2\/comments?post=21"}],"version-history":[{"count":7,"href":"https:\/\/detailing666.pl\/index.php\/wp-json\/wp\/v2\/pages\/21\/revisions"}],"predecessor-version":[{"id":87,"href":"https:\/\/detailing666.pl\/index.php\/wp-json\/wp\/v2\/pages\/21\/revisions\/87"}],"wp:attachment":[{"href":"https:\/\/detailing666.pl\/index.php\/wp-json\/wp\/v2\/media?parent=21"}],"curies":[{"name":"wp","href":"https:\/\/api.w.org\/{rel}","templated":true}]}}